{"id":7429,"date":"2024-04-23T12:38:26","date_gmt":"2024-04-23T12:38:26","guid":{"rendered":"https:\/\/www.parracocinas.com\/?page_id=7429"},"modified":"2025-11-24T10:14:36","modified_gmt":"2025-11-24T10:14:36","slug":"sobre-nosotros","status":"publish","type":"page","link":"https:\/\/www.parracocinas.com\/?page_id=7429","title":{"rendered":"Sobre nosotros"},"content":{"rendered":"<h1>25 a\u00f1os \u2028creando juntos<\/h1>\n<h2>Nuestra Historia<\/h2>\n<p><strong>Parra &amp; Luengo Cocinas<\/strong> nace de la pasi\u00f3n por el dise\u00f1o y la funcionalidad en el hogar. Con m\u00e1s de 25 a\u00f1os de experiencia en el sector, hemos crecido y evolucionado, manteniendo siempre nuestra esencia: ofrecer calidad y satisfacci\u00f3n a nuestros clientes. Hoy somos reconocidos por nuestro compromiso y dedicaci\u00f3n. Nuestro equipo est\u00e1 formado por los mejores dise\u00f1adores y montadores, quienes se esfuerzan cada d\u00eda por hacer realidad tus ideas y proyectos.<\/p>\n<p>\t\t\t\t\t\t\t\t\t\t\t\t\t\t\t<img loading=\"lazy\" width=\"800\" height=\"534\" src=\"https:\/\/www.parracocinas.com\/wp-content\/uploads\/2025\/09\/P1002192-1024x683.jpg\" alt=\"\" decoding=\"async\" srcset=\"https:\/\/www.parracocinas.com\/wp-content\/uploads\/2025\/09\/P1002192-1024x683.jpg 1024w, https:\/\/www.parracocinas.com\/wp-content\/uploads\/2025\/09\/P1002192-300x200.jpg 300w, https:\/\/www.parracocinas.com\/wp-content\/uploads\/2025\/09\/P1002192-768x512.jpg 768w, https:\/\/www.parracocinas.com\/wp-content\/uploads\/2025\/09\/P1002192-1536x1024.jpg 1536w, https:\/\/www.parracocinas.com\/wp-content\/uploads\/2025\/09\/P1002192-2048x1365.jpg 2048w\" sizes=\"auto, (max-width: 800px) 100vw, 800px\" \/>\t\t\t\t\t\t\t\t\t\t\t\t\t\t\t<\/p>\n<h2>Nuestro equipo<\/h2>\n<p>\t\t\t\t\t\t\t\t\t\t\t\t\t\t\t<img loading=\"lazy\" width=\"800\" height=\"1000\" src=\"https:\/\/www.parracocinas.com\/wp-content\/uploads\/2025\/09\/26-1-819x1024.png\" alt=\"\" decoding=\"async\" srcset=\"https:\/\/www.parracocinas.com\/wp-content\/uploads\/2025\/09\/26-1-819x1024.png 819w, https:\/\/www.parracocinas.com\/wp-content\/uploads\/2025\/09\/26-1-240x300.png 240w, https:\/\/www.parracocinas.com\/wp-content\/uploads\/2025\/09\/26-1-768x960.png 768w, https:\/\/www.parracocinas.com\/wp-content\/uploads\/2025\/09\/26-1.png 1080w\" sizes=\"auto, (max-width: 800px) 100vw, 800px\" \/>\t\t\t\t\t\t\t\t\t\t\t\t\t\t\t<\/p>\n<h2>Ana Cort\u00e9s<br \/>Dise\u00f1adora comercial<\/h2>\n<p>\t\t\t\t\t\t\t\t\t\t\t\t\t\t\t<img loading=\"lazy\" width=\"800\" height=\"1000\" src=\"https:\/\/www.parracocinas.com\/wp-content\/uploads\/2025\/09\/24-1-819x1024.png\" alt=\"\" decoding=\"async\" srcset=\"https:\/\/www.parracocinas.com\/wp-content\/uploads\/2025\/09\/24-1-819x1024.png 819w, https:\/\/www.parracocinas.com\/wp-content\/uploads\/2025\/09\/24-1-240x300.png 240w, https:\/\/www.parracocinas.com\/wp-content\/uploads\/2025\/09\/24-1-768x960.png 768w, https:\/\/www.parracocinas.com\/wp-content\/uploads\/2025\/09\/24-1.png 1080w\" sizes=\"auto, (max-width: 800px) 100vw, 800px\" \/>\t\t\t\t\t\t\t\t\t\t\t\t\t\t\t<\/p>\n<h2>Alejandro Parra<br \/>Dise\u00f1ador comercial<\/h2>\n<p>\t\t\t\t\t\t\t\t\t\t\t\t\t\t\t<img loading=\"lazy\" width=\"800\" height=\"1000\" src=\"https:\/\/www.parracocinas.com\/wp-content\/uploads\/2025\/09\/32-1-819x1024.png\" alt=\"\" decoding=\"async\" srcset=\"https:\/\/www.parracocinas.com\/wp-content\/uploads\/2025\/09\/32-1-819x1024.png 819w, https:\/\/www.parracocinas.com\/wp-content\/uploads\/2025\/09\/32-1-240x300.png 240w, https:\/\/www.parracocinas.com\/wp-content\/uploads\/2025\/09\/32-1-768x960.png 768w, https:\/\/www.parracocinas.com\/wp-content\/uploads\/2025\/09\/32-1.png 1080w\" sizes=\"auto, (max-width: 800px) 100vw, 800px\" \/>\t\t\t\t\t\t\t\t\t\t\t\t\t\t\t<\/p>\n<h2>Paola Garc\u00eda<br \/>Administrativa<\/h2>\n<p>\t\t\t\t\t\t\t\t\t\t\t\t\t\t\t<img loading=\"lazy\" width=\"800\" height=\"1000\" src=\"https:\/\/www.parracocinas.com\/wp-content\/uploads\/2025\/09\/37-819x1024.png\" alt=\"\" decoding=\"async\" srcset=\"https:\/\/www.parracocinas.com\/wp-content\/uploads\/2025\/09\/37-819x1024.png 819w, https:\/\/www.parracocinas.com\/wp-content\/uploads\/2025\/09\/37-240x300.png 240w, https:\/\/www.parracocinas.com\/wp-content\/uploads\/2025\/09\/37-768x960.png 768w, https:\/\/www.parracocinas.com\/wp-content\/uploads\/2025\/09\/37.png 1080w\" sizes=\"auto, (max-width: 800px) 100vw, 800px\" \/>\t\t\t\t\t\t\t\t\t\t\t\t\t\t\t<\/p>\n<h2>Israel Parra<br \/>Dise\u00f1ador gerente<\/h2>\n<h2>Nuestra Visi\u00f3n<\/h2>\n<p>Queremos ayudarte a conseguir un espacio perfecto para ti.&nbsp;<\/p>\n<p>Nos esforzamos por innovar constantemente, ofreciendo soluciones modernas y pr\u00e1cticas que se adapten a los estilos de vida de cada uno de nuestros clientes. Creemos en la importancia de un buen dise\u00f1o, no solo por su est\u00e9tica, sino por c\u00f3mo puede mejorar la vida diaria. Nuestro objetivo es que cada cliente disfrute de una cocina o ba\u00f1o que refleje su personalidad y se adapte a sus necesidades.<\/p>\n<p>\t\t\t\t\t\t\t\t\t\t\t\t\t\t\t<img loading=\"lazy\" width=\"640\" height=\"480\" src=\"https:\/\/www.parracocinas.com\/wp-content\/uploads\/2023\/03\/IMG_9152.jpg\" alt=\"\" decoding=\"async\" srcset=\"https:\/\/www.parracocinas.com\/wp-content\/uploads\/2023\/03\/IMG_9152.jpg 640w, https:\/\/www.parracocinas.com\/wp-content\/uploads\/2023\/03\/IMG_9152-300x225.jpg 300w\" sizes=\"auto, (max-width: 640px) 100vw, 640px\" \/><br \/>\n\t\t\t\t\t<a href=\"https:\/\/www.parracocinas.com\/contacto\/\"><br \/>\n\t\t\t\t\t\t\t\t\tContacta con nosotros<br \/>\n\t\t\t\t\t<\/a><\/p>\n","protected":false},"excerpt":{"rendered":"<p>25 a\u00f1os \u2028creando juntos Nuestra Historia Parra &amp; Luengo Cocinas nace de la pasi\u00f3n por el dise\u00f1o y la funcionalidad en el hogar. Con m\u00e1s de 25 a\u00f1os de experiencia en el sector, hemos crecido y evolucionado, manteniendo siempre nuestra esencia: ofrecer calidad y satisfacci\u00f3n a nuestros clientes. Hoy somos reconocidos por nuestro compromiso y [&hellip;]<\/p>\n","protected":false},"author":2,"featured_media":0,"parent":0,"menu_order":1,"comment_status":"closed","ping_status":"closed","template":"elementor_header_footer","meta":{"footnotes":""},"class_list":["post-7429","page","type-page","status-publish","hentry"],"_links":{"self":[{"href":"https:\/\/www.parracocinas.com\/index.php?rest_route=\/wp\/v2\/pages\/7429","targetHints":{"allow":["GET"]}}],"collection":[{"href":"https:\/\/www.parracocinas.com\/index.php?rest_route=\/wp\/v2\/pages"}],"about":[{"href":"https:\/\/www.parracocinas.com\/index.php?rest_route=\/wp\/v2\/types\/page"}],"author":[{"embeddable":true,"href":"https:\/\/www.parracocinas.com\/index.php?rest_route=\/wp\/v2\/users\/2"}],"replies":[{"embeddable":true,"href":"https:\/\/www.parracocinas.com\/index.php?rest_route=%2Fwp%2Fv2%2Fcomments&post=7429"}],"version-history":[{"count":137,"href":"https:\/\/www.parracocinas.com\/index.php?rest_route=\/wp\/v2\/pages\/7429\/revisions"}],"predecessor-version":[{"id":11476,"href":"https:\/\/www.parracocinas.com\/index.php?rest_route=\/wp\/v2\/pages\/7429\/revisions\/11476"}],"wp:attachment":[{"href":"https:\/\/www.parracocinas.com\/index.php?rest_route=%2Fwp%2Fv2%2Fmedia&parent=7429"}],"curies":[{"name":"wp","href":"https:\/\/api.w.org\/{rel}","templated":true}]}}