{"id":7490,"date":"2024-04-23T15:09:19","date_gmt":"2024-04-23T15:09:19","guid":{"rendered":"https:\/\/www.parracocinas.com\/?page_id=7490"},"modified":"2026-04-24T15:51:37","modified_gmt":"2026-04-24T15:51:37","slug":"galeria","status":"publish","type":"page","link":"https:\/\/www.parracocinas.com\/?page_id=7490","title":{"rendered":"Galer\u00eda"},"content":{"rendered":"<h1>Galer\u00eda<\/h1>\n<h2>Nuestros trabajos<\/h2>\n<p data-start=\"0\" data-end=\"470\">La mezcla de f<strong>rentes claros con la madera de veta<\/strong> marcada genera un contraste elegante, mientras que las vitrinas con perfiler\u00eda oscura aportan un toque sofisticado y convierten el almacenaje en un elemento decorativo. La <strong>iluminaci\u00f3n LED integrada,<\/strong> tanto bajo los muebles altos como en el interior de las vitrinas, realza los materiales y crea un espacio acogedor.<\/p>\n<figure class='gallery-item'>\n\t\t\t\t<a data-elementor-open-lightbox=\"yes\" data-elementor-lightbox-slideshow=\"d9722f0\" data-elementor-lightbox-title=\"Parra&amp;Luengo\" data-e-action-hash=\"#elementor-action%3Aaction%3Dlightbox%26settings%3DeyJpZCI6MTE4ODIsInVybCI6Imh0dHBzOlwvXC93d3cucGFycmFjb2NpbmFzLmNvbVwvd3AtY29udGVudFwvdXBsb2Fkc1wvMjAyNlwvMDRcL0NoYXRHUFQtSW1hZ2UtMjQtYWJyLTIwMjYtMTdfNDdfNTYucG5nIiwic2xpZGVzaG93IjoiZDk3MjJmMCJ9\" href='https:\/\/www.parracocinas.com\/wp-content\/uploads\/2026\/04\/ChatGPT-Image-24-abr-2026-17_47_56.png'><img loading=\"lazy\" width=\"800\" height=\"532\" src=\"https:\/\/www.parracocinas.com\/wp-content\/uploads\/2026\/04\/ChatGPT-Image-24-abr-2026-17_47_56.png\" alt=\"\" decoding=\"async\" srcset=\"https:\/\/www.parracocinas.com\/wp-content\/uploads\/2026\/04\/ChatGPT-Image-24-abr-2026-17_47_56.png 1537w, https:\/\/www.parracocinas.com\/wp-content\/uploads\/2026\/04\/ChatGPT-Image-24-abr-2026-17_47_56-300x200.png 300w, https:\/\/www.parracocinas.com\/wp-content\/uploads\/2026\/04\/ChatGPT-Image-24-abr-2026-17_47_56-1024x682.png 1024w, https:\/\/www.parracocinas.com\/wp-content\/uploads\/2026\/04\/ChatGPT-Image-24-abr-2026-17_47_56-768x511.png 768w\" sizes=\"auto, (max-width: 800px) 100vw, 800px\" \/><\/a><br \/>\n\t\t\t<\/figure>\n<figure class='gallery-item'>\n\t\t\t\t<a data-elementor-open-lightbox=\"yes\" data-elementor-lightbox-slideshow=\"d9722f0\" data-elementor-lightbox-title=\"Parra&amp;Luengo\" data-e-action-hash=\"#elementor-action%3Aaction%3Dlightbox%26settings%3DeyJpZCI6MTE4ODEsInVybCI6Imh0dHBzOlwvXC93d3cucGFycmFjb2NpbmFzLmNvbVwvd3AtY29udGVudFwvdXBsb2Fkc1wvMjAyNlwvMDRcL0NoYXRHUFQtSW1hZ2UtMjQtYWJyLTIwMjYtMTdfNDZfMjgucG5nIiwic2xpZGVzaG93IjoiZDk3MjJmMCJ9\" href='https:\/\/www.parracocinas.com\/wp-content\/uploads\/2026\/04\/ChatGPT-Image-24-abr-2026-17_46_28.png'><img loading=\"lazy\" width=\"800\" height=\"532\" src=\"https:\/\/www.parracocinas.com\/wp-content\/uploads\/2026\/04\/ChatGPT-Image-24-abr-2026-17_46_28.png\" alt=\"\" decoding=\"async\" srcset=\"https:\/\/www.parracocinas.com\/wp-content\/uploads\/2026\/04\/ChatGPT-Image-24-abr-2026-17_46_28.png 1537w, https:\/\/www.parracocinas.com\/wp-content\/uploads\/2026\/04\/ChatGPT-Image-24-abr-2026-17_46_28-300x200.png 300w, https:\/\/www.parracocinas.com\/wp-content\/uploads\/2026\/04\/ChatGPT-Image-24-abr-2026-17_46_28-1024x682.png 1024w, https:\/\/www.parracocinas.com\/wp-content\/uploads\/2026\/04\/ChatGPT-Image-24-abr-2026-17_46_28-768x511.png 768w\" sizes=\"auto, (max-width: 800px) 100vw, 800px\" \/><\/a><br \/>\n\t\t\t<\/figure>\n<figure class='gallery-item'>\n\t\t\t\t<a data-elementor-open-lightbox=\"yes\" data-elementor-lightbox-slideshow=\"d9722f0\" data-elementor-lightbox-title=\"Parra&amp;Luengo\" data-e-action-hash=\"#elementor-action%3Aaction%3Dlightbox%26settings%3DeyJpZCI6MTE4ODMsInVybCI6Imh0dHBzOlwvXC93d3cucGFycmFjb2NpbmFzLmNvbVwvd3AtY29udGVudFwvdXBsb2Fkc1wvMjAyNlwvMDRcL0NoYXRHUFQtSW1hZ2UtMjQtYWJyLTIwMjYtMTdfNDlfMDYucG5nIiwic2xpZGVzaG93IjoiZDk3MjJmMCJ9\" href='https:\/\/www.parracocinas.com\/wp-content\/uploads\/2026\/04\/ChatGPT-Image-24-abr-2026-17_49_06.png'><img loading=\"lazy\" width=\"800\" height=\"533\" src=\"https:\/\/www.parracocinas.com\/wp-content\/uploads\/2026\/04\/ChatGPT-Image-24-abr-2026-17_49_06.png\" alt=\"\" decoding=\"async\" srcset=\"https:\/\/www.parracocinas.com\/wp-content\/uploads\/2026\/04\/ChatGPT-Image-24-abr-2026-17_49_06.png 1536w, https:\/\/www.parracocinas.com\/wp-content\/uploads\/2026\/04\/ChatGPT-Image-24-abr-2026-17_49_06-300x200.png 300w, https:\/\/www.parracocinas.com\/wp-content\/uploads\/2026\/04\/ChatGPT-Image-24-abr-2026-17_49_06-1024x683.png 1024w, https:\/\/www.parracocinas.com\/wp-content\/uploads\/2026\/04\/ChatGPT-Image-24-abr-2026-17_49_06-768x512.png 768w\" sizes=\"auto, (max-width: 800px) 100vw, 800px\" \/><\/a><br \/>\n\t\t\t<\/figure>\n<p data-start=\"0\" data-end=\"415\">Cocina que destaca por su dise\u00f1o contempor\u00e1neo en el que la combinaci\u00f3n de tonos suaves y materiales naturales crea un ambiente elegante y acogedor. Los muebles en <strong>azul mate<\/strong> aportan personalidad, mientras que la <strong>madera clara<\/strong> en los armarios superiores a\u00f1ade calidez y equilibrio visual.<\/p>\n<p data-start=\"417\" data-end=\"786\" data-is-last-node=\"\" data-is-only-node=\"\">Adem\u00e1s, la<strong> iluminaci\u00f3n LED integrada bajo los muebles<\/strong> superiores no solo realza la est\u00e9tica, sino que tambi\u00e9n mejora la funcionalidad del \u00e1rea de trabajo.<\/p>\n<figure class='gallery-item'>\n\t\t\t\t<a data-elementor-open-lightbox=\"yes\" data-elementor-lightbox-slideshow=\"11ad78a\" data-elementor-lightbox-title=\"Parra&amp;Luengo\" data-e-action-hash=\"#elementor-action%3Aaction%3Dlightbox%26settings%3DeyJpZCI6MTE4NzksInVybCI6Imh0dHBzOlwvXC93d3cucGFycmFjb2NpbmFzLmNvbVwvd3AtY29udGVudFwvdXBsb2Fkc1wvMjAyNlwvMDRcL0NoYXRHUFQtSW1hZ2UtMjQtYWJyLTIwMjYtMTdfNDFfMjUucG5nIiwic2xpZGVzaG93IjoiMTFhZDc4YSJ9\" href='https:\/\/www.parracocinas.com\/wp-content\/uploads\/2026\/04\/ChatGPT-Image-24-abr-2026-17_41_25.png'><img loading=\"lazy\" width=\"800\" height=\"532\" src=\"https:\/\/www.parracocinas.com\/wp-content\/uploads\/2026\/04\/ChatGPT-Image-24-abr-2026-17_41_25.png\" alt=\"\" decoding=\"async\" srcset=\"https:\/\/www.parracocinas.com\/wp-content\/uploads\/2026\/04\/ChatGPT-Image-24-abr-2026-17_41_25.png 1537w, https:\/\/www.parracocinas.com\/wp-content\/uploads\/2026\/04\/ChatGPT-Image-24-abr-2026-17_41_25-300x200.png 300w, https:\/\/www.parracocinas.com\/wp-content\/uploads\/2026\/04\/ChatGPT-Image-24-abr-2026-17_41_25-1024x682.png 1024w, https:\/\/www.parracocinas.com\/wp-content\/uploads\/2026\/04\/ChatGPT-Image-24-abr-2026-17_41_25-768x511.png 768w\" sizes=\"auto, (max-width: 800px) 100vw, 800px\" \/><\/a><br \/>\n\t\t\t<\/figure>\n<figure class='gallery-item'>\n\t\t\t\t<a data-elementor-open-lightbox=\"yes\" data-elementor-lightbox-slideshow=\"11ad78a\" data-elementor-lightbox-title=\"Parra&amp;Luengo\" data-e-action-hash=\"#elementor-action%3Aaction%3Dlightbox%26settings%3DeyJpZCI6MTE4ODAsInVybCI6Imh0dHBzOlwvXC93d3cucGFycmFjb2NpbmFzLmNvbVwvd3AtY29udGVudFwvdXBsb2Fkc1wvMjAyNlwvMDRcL0lNR18wMDYwLmpwZyIsInNsaWRlc2hvdyI6IjExYWQ3OGEifQ%3D%3D\" href='https:\/\/www.parracocinas.com\/wp-content\/uploads\/2026\/04\/IMG_0060.jpg'><img loading=\"lazy\" width=\"800\" height=\"533\" src=\"https:\/\/www.parracocinas.com\/wp-content\/uploads\/2026\/04\/IMG_0060-2048x1365.jpg\" alt=\"\" decoding=\"async\" srcset=\"https:\/\/www.parracocinas.com\/wp-content\/uploads\/2026\/04\/IMG_0060-2048x1365.jpg 2048w, https:\/\/www.parracocinas.com\/wp-content\/uploads\/2026\/04\/IMG_0060-300x200.jpg 300w, https:\/\/www.parracocinas.com\/wp-content\/uploads\/2026\/04\/IMG_0060-1024x683.jpg 1024w, https:\/\/www.parracocinas.com\/wp-content\/uploads\/2026\/04\/IMG_0060-768x512.jpg 768w, https:\/\/www.parracocinas.com\/wp-content\/uploads\/2026\/04\/IMG_0060-1536x1024.jpg 1536w\" sizes=\"auto, (max-width: 800px) 100vw, 800px\" \/><\/a><br \/>\n\t\t\t<\/figure>\n<figure class='gallery-item'>\n\t\t\t\t<a data-elementor-open-lightbox=\"yes\" data-elementor-lightbox-slideshow=\"11ad78a\" data-elementor-lightbox-title=\"IMG_0041\" data-e-action-hash=\"#elementor-action%3Aaction%3Dlightbox%26settings%3DeyJpZCI6MTE4NzQsInVybCI6Imh0dHBzOlwvXC93d3cucGFycmFjb2NpbmFzLmNvbVwvd3AtY29udGVudFwvdXBsb2Fkc1wvMjAyNlwvMDRcL0lNR18wMDQxLmpwZyIsInNsaWRlc2hvdyI6IjExYWQ3OGEifQ%3D%3D\" href='https:\/\/www.parracocinas.com\/wp-content\/uploads\/2026\/04\/IMG_0041.jpg'><img loading=\"lazy\" width=\"800\" height=\"533\" src=\"https:\/\/www.parracocinas.com\/wp-content\/uploads\/2026\/04\/IMG_0041-2048x1365.jpg\" alt=\"\" decoding=\"async\" srcset=\"https:\/\/www.parracocinas.com\/wp-content\/uploads\/2026\/04\/IMG_0041-2048x1365.jpg 2048w, https:\/\/www.parracocinas.com\/wp-content\/uploads\/2026\/04\/IMG_0041-300x200.jpg 300w, https:\/\/www.parracocinas.com\/wp-content\/uploads\/2026\/04\/IMG_0041-1024x683.jpg 1024w, https:\/\/www.parracocinas.com\/wp-content\/uploads\/2026\/04\/IMG_0041-768x512.jpg 768w, https:\/\/www.parracocinas.com\/wp-content\/uploads\/2026\/04\/IMG_0041-1536x1024.jpg 1536w\" sizes=\"auto, (max-width: 800px) 100vw, 800px\" \/><\/a><br \/>\n\t\t\t<\/figure>\n<p>Cocina de l\u00edneas rectas y est\u00e9tica minimalista, dise\u00f1ada para ofrecer m\u00e1xima funcionalidad con una <strong>imagen limpia y contempor\u00e1nea<\/strong>. Los muebles altos con sistema gola eliminan los tiradores, creando un frente continuo, mientras que la campana integrada queda completamente oculta, manteniendo la uniformidad del conjunto. La combinaci\u00f3n de <strong>frentes en acabado brillo con encimera y trasera en tonos oscuros<\/strong> aporta contraste y sofisticaci\u00f3n, reforzada por la iluminaci\u00f3n LED integrada que realza el espacio de trabajo.<\/p>\n<figure class='gallery-item'>\n\t\t\t\t<a data-elementor-open-lightbox=\"yes\" data-elementor-lightbox-slideshow=\"ddcb4c0\" data-elementor-lightbox-title=\"4\" data-e-action-hash=\"#elementor-action%3Aaction%3Dlightbox%26settings%3DeyJpZCI6MTE3NTcsInVybCI6Imh0dHBzOlwvXC93d3cucGFycmFjb2NpbmFzLmNvbVwvd3AtY29udGVudFwvdXBsb2Fkc1wvMjAyNlwvMDJcLzQucG5nIiwic2xpZGVzaG93IjoiZGRjYjRjMCJ9\" href='https:\/\/www.parracocinas.com\/wp-content\/uploads\/2026\/02\/4.png'><img loading=\"lazy\" width=\"768\" height=\"1010\" src=\"https:\/\/www.parracocinas.com\/wp-content\/uploads\/2026\/02\/4-768x1010.png\" alt=\"\" decoding=\"async\" srcset=\"https:\/\/www.parracocinas.com\/wp-content\/uploads\/2026\/02\/4-768x1010.png 768w, https:\/\/www.parracocinas.com\/wp-content\/uploads\/2026\/02\/4-228x300.png 228w, https:\/\/www.parracocinas.com\/wp-content\/uploads\/2026\/02\/4-779x1024.png 779w, https:\/\/www.parracocinas.com\/wp-content\/uploads\/2026\/02\/4-1168x1536.png 1168w, https:\/\/www.parracocinas.com\/wp-content\/uploads\/2026\/02\/4-1557x2048.png 1557w, https:\/\/www.parracocinas.com\/wp-content\/uploads\/2026\/02\/4.png 1872w\" sizes=\"auto, (max-width: 768px) 100vw, 768px\" \/><\/a><br \/>\n\t\t\t<\/figure>\n<figure class='gallery-item'>\n\t\t\t\t<a data-elementor-open-lightbox=\"yes\" data-elementor-lightbox-slideshow=\"ddcb4c0\" data-elementor-lightbox-title=\"2\" data-e-action-hash=\"#elementor-action%3Aaction%3Dlightbox%26settings%3DeyJpZCI6MTE3NTUsInVybCI6Imh0dHBzOlwvXC93d3cucGFycmFjb2NpbmFzLmNvbVwvd3AtY29udGVudFwvdXBsb2Fkc1wvMjAyNlwvMDJcLzIucG5nIiwic2xpZGVzaG93IjoiZGRjYjRjMCJ9\" href='https:\/\/www.parracocinas.com\/wp-content\/uploads\/2026\/02\/2.png'><img loading=\"lazy\" width=\"768\" height=\"1010\" src=\"https:\/\/www.parracocinas.com\/wp-content\/uploads\/2026\/02\/2-768x1010.png\" alt=\"\" decoding=\"async\" srcset=\"https:\/\/www.parracocinas.com\/wp-content\/uploads\/2026\/02\/2-768x1010.png 768w, https:\/\/www.parracocinas.com\/wp-content\/uploads\/2026\/02\/2-228x300.png 228w, https:\/\/www.parracocinas.com\/wp-content\/uploads\/2026\/02\/2-779x1024.png 779w, https:\/\/www.parracocinas.com\/wp-content\/uploads\/2026\/02\/2-1168x1536.png 1168w, https:\/\/www.parracocinas.com\/wp-content\/uploads\/2026\/02\/2-1557x2048.png 1557w, https:\/\/www.parracocinas.com\/wp-content\/uploads\/2026\/02\/2.png 1872w\" sizes=\"auto, (max-width: 768px) 100vw, 768px\" \/><\/a><br \/>\n\t\t\t<\/figure>\n<figure class='gallery-item'>\n\t\t\t\t<a data-elementor-open-lightbox=\"yes\" data-elementor-lightbox-slideshow=\"ddcb4c0\" data-elementor-lightbox-title=\"1\" data-e-action-hash=\"#elementor-action%3Aaction%3Dlightbox%26settings%3DeyJpZCI6MTE3NTQsInVybCI6Imh0dHBzOlwvXC93d3cucGFycmFjb2NpbmFzLmNvbVwvd3AtY29udGVudFwvdXBsb2Fkc1wvMjAyNlwvMDJcLzEucG5nIiwic2xpZGVzaG93IjoiZGRjYjRjMCJ9\" href='https:\/\/www.parracocinas.com\/wp-content\/uploads\/2026\/02\/1.png'><img loading=\"lazy\" width=\"768\" height=\"1010\" src=\"https:\/\/www.parracocinas.com\/wp-content\/uploads\/2026\/02\/1-768x1010.png\" alt=\"\" decoding=\"async\" srcset=\"https:\/\/www.parracocinas.com\/wp-content\/uploads\/2026\/02\/1-768x1010.png 768w, https:\/\/www.parracocinas.com\/wp-content\/uploads\/2026\/02\/1-228x300.png 228w, https:\/\/www.parracocinas.com\/wp-content\/uploads\/2026\/02\/1-779x1024.png 779w, https:\/\/www.parracocinas.com\/wp-content\/uploads\/2026\/02\/1-1168x1536.png 1168w, https:\/\/www.parracocinas.com\/wp-content\/uploads\/2026\/02\/1-1557x2048.png 1557w, https:\/\/www.parracocinas.com\/wp-content\/uploads\/2026\/02\/1.png 1872w\" sizes=\"auto, (max-width: 768px) 100vw, 768px\" \/><\/a><br \/>\n\t\t\t<\/figure>\n<figure class='gallery-item'>\n\t\t\t\t<a data-elementor-open-lightbox=\"yes\" data-elementor-lightbox-slideshow=\"ddcb4c0\" data-elementor-lightbox-title=\"3\" data-e-action-hash=\"#elementor-action%3Aaction%3Dlightbox%26settings%3DeyJpZCI6MTE3NTYsInVybCI6Imh0dHBzOlwvXC93d3cucGFycmFjb2NpbmFzLmNvbVwvd3AtY29udGVudFwvdXBsb2Fkc1wvMjAyNlwvMDJcLzMucG5nIiwic2xpZGVzaG93IjoiZGRjYjRjMCJ9\" href='https:\/\/www.parracocinas.com\/wp-content\/uploads\/2026\/02\/3.png'><img loading=\"lazy\" width=\"768\" height=\"1010\" src=\"https:\/\/www.parracocinas.com\/wp-content\/uploads\/2026\/02\/3-768x1010.png\" alt=\"\" decoding=\"async\" srcset=\"https:\/\/www.parracocinas.com\/wp-content\/uploads\/2026\/02\/3-768x1010.png 768w, https:\/\/www.parracocinas.com\/wp-content\/uploads\/2026\/02\/3-228x300.png 228w, https:\/\/www.parracocinas.com\/wp-content\/uploads\/2026\/02\/3-779x1024.png 779w, https:\/\/www.parracocinas.com\/wp-content\/uploads\/2026\/02\/3-1168x1536.png 1168w, https:\/\/www.parracocinas.com\/wp-content\/uploads\/2026\/02\/3-1557x2048.png 1557w, https:\/\/www.parracocinas.com\/wp-content\/uploads\/2026\/02\/3.png 1872w\" sizes=\"auto, (max-width: 768px) 100vw, 768px\" \/><\/a><br \/>\n\t\t\t<\/figure>\n<p>Una de las \u00faltimas cocinas que hemos dise\u00f1ado ha sido esta en la que <strong>el blanco se combina con la madera<\/strong>, apostando por un dise\u00f1o inspirado en lo natural. Adem\u00e1s cuenta con una barra que sirve tanto de zona de ocio o comida como extensi\u00f3n de la zona de trabajo. Este espacio se aprovecha m\u00e1s a\u00fan uni\u00e9ndolo de manera cuidada con un espacio de almacenaje.\u00a0<\/p>\n<figure class='gallery-item'>\n\t\t\t\t<a data-elementor-open-lightbox=\"yes\" data-elementor-lightbox-slideshow=\"6d671cc\" data-elementor-lightbox-title=\"Captura de pantalla 2026-02-05 135003\" data-e-action-hash=\"#elementor-action%3Aaction%3Dlightbox%26settings%3DeyJpZCI6MTE3MzAsInVybCI6Imh0dHBzOlwvXC93d3cucGFycmFjb2NpbmFzLmNvbVwvd3AtY29udGVudFwvdXBsb2Fkc1wvMjAyNlwvMDJcL0NhcHR1cmEtZGUtcGFudGFsbGEtMjAyNi0wMi0wNS0xMzUwMDMucG5nIiwic2xpZGVzaG93IjoiNmQ2NzFjYyJ9\" href='https:\/\/www.parracocinas.com\/wp-content\/uploads\/2026\/02\/Captura-de-pantalla-2026-02-05-135003.png'><img loading=\"lazy\" width=\"800\" height=\"1067\" src=\"https:\/\/www.parracocinas.com\/wp-content\/uploads\/2026\/02\/Captura-de-pantalla-2026-02-05-135003.png\" alt=\"\" decoding=\"async\" srcset=\"https:\/\/www.parracocinas.com\/wp-content\/uploads\/2026\/02\/Captura-de-pantalla-2026-02-05-135003.png 945w, https:\/\/www.parracocinas.com\/wp-content\/uploads\/2026\/02\/Captura-de-pantalla-2026-02-05-135003-225x300.png 225w, https:\/\/www.parracocinas.com\/wp-content\/uploads\/2026\/02\/Captura-de-pantalla-2026-02-05-135003-768x1024.png 768w\" sizes=\"auto, (max-width: 800px) 100vw, 800px\" \/><\/a><br \/>\n\t\t\t<\/figure>\n<figure class='gallery-item'>\n\t\t\t\t<a data-elementor-open-lightbox=\"yes\" data-elementor-lightbox-slideshow=\"6d671cc\" data-elementor-lightbox-title=\"Captura de pantalla 2026-02-05 135034\" data-e-action-hash=\"#elementor-action%3Aaction%3Dlightbox%26settings%3DeyJpZCI6MTE3MzEsInVybCI6Imh0dHBzOlwvXC93d3cucGFycmFjb2NpbmFzLmNvbVwvd3AtY29udGVudFwvdXBsb2Fkc1wvMjAyNlwvMDJcL0NhcHR1cmEtZGUtcGFudGFsbGEtMjAyNi0wMi0wNS0xMzUwMzQucG5nIiwic2xpZGVzaG93IjoiNmQ2NzFjYyJ9\" href='https:\/\/www.parracocinas.com\/wp-content\/uploads\/2026\/02\/Captura-de-pantalla-2026-02-05-135034.png'><img loading=\"lazy\" width=\"800\" height=\"1073\" src=\"https:\/\/www.parracocinas.com\/wp-content\/uploads\/2026\/02\/Captura-de-pantalla-2026-02-05-135034.png\" alt=\"\" decoding=\"async\" srcset=\"https:\/\/www.parracocinas.com\/wp-content\/uploads\/2026\/02\/Captura-de-pantalla-2026-02-05-135034.png 937w, https:\/\/www.parracocinas.com\/wp-content\/uploads\/2026\/02\/Captura-de-pantalla-2026-02-05-135034-224x300.png 224w, https:\/\/www.parracocinas.com\/wp-content\/uploads\/2026\/02\/Captura-de-pantalla-2026-02-05-135034-763x1024.png 763w, https:\/\/www.parracocinas.com\/wp-content\/uploads\/2026\/02\/Captura-de-pantalla-2026-02-05-135034-768x1030.png 768w\" sizes=\"auto, (max-width: 800px) 100vw, 800px\" \/><\/a><br \/>\n\t\t\t<\/figure>\n<figure class='gallery-item'>\n\t\t\t\t<a data-elementor-open-lightbox=\"yes\" data-elementor-lightbox-slideshow=\"6d671cc\" data-elementor-lightbox-title=\"Captura de pantalla 2026-02-05 135202\" data-e-action-hash=\"#elementor-action%3Aaction%3Dlightbox%26settings%3DeyJpZCI6MTE3MzIsInVybCI6Imh0dHBzOlwvXC93d3cucGFycmFjb2NpbmFzLmNvbVwvd3AtY29udGVudFwvdXBsb2Fkc1wvMjAyNlwvMDJcL0NhcHR1cmEtZGUtcGFudGFsbGEtMjAyNi0wMi0wNS0xMzUyMDIucG5nIiwic2xpZGVzaG93IjoiNmQ2NzFjYyJ9\" href='https:\/\/www.parracocinas.com\/wp-content\/uploads\/2026\/02\/Captura-de-pantalla-2026-02-05-135202.png'><img loading=\"lazy\" width=\"800\" height=\"1077\" src=\"https:\/\/www.parracocinas.com\/wp-content\/uploads\/2026\/02\/Captura-de-pantalla-2026-02-05-135202.png\" alt=\"\" decoding=\"async\" srcset=\"https:\/\/www.parracocinas.com\/wp-content\/uploads\/2026\/02\/Captura-de-pantalla-2026-02-05-135202.png 942w, https:\/\/www.parracocinas.com\/wp-content\/uploads\/2026\/02\/Captura-de-pantalla-2026-02-05-135202-223x300.png 223w, https:\/\/www.parracocinas.com\/wp-content\/uploads\/2026\/02\/Captura-de-pantalla-2026-02-05-135202-761x1024.png 761w, https:\/\/www.parracocinas.com\/wp-content\/uploads\/2026\/02\/Captura-de-pantalla-2026-02-05-135202-768x1034.png 768w\" sizes=\"auto, (max-width: 800px) 100vw, 800px\" \/><\/a><br \/>\n\t\t\t<\/figure>\n<p>Esta cocina est\u00e1 realizada con<strong> materiales que amplifican la luz<\/strong> que entra desde la galer\u00eda lateral, ya que era un espacio muy oscuro al no tener ventanas con luz directa. Es por ello que hemos utilizado <strong>materiales blancos con brillo en los muebles combinados con la encimera blanca<\/strong> y que contrastan con los toques negros del fregadero y alg\u00fan electrodom\u00e9stico. Como elementos particulares de esta cocina, podemos ver que los muebles altos son escamoteables y elevables plegables, se pueden abrir con el <strong>sistema de gola<\/strong>. Para iluminar la pared y no proyectar sombras con la luz del techo hemos incluido una<strong> regleta de luz led<\/strong>. En frente de la zona principal hay una barra de la misma altura que barra de trabajo, para que as\u00ed sirva tanto de espacio para poder desayunar o estar, como de zona de trabajo extra.\u00a0<\/p>\n<p>\t\t\t\t\t\t\t<a href=\"https:\/\/www.parracocinas.com\/wp-content\/uploads\/2025\/12\/IMG_5231-scaled.jpeg\" data-elementor-open-lightbox=\"yes\" data-elementor-lightbox-slideshow=\"98ce5a5\" data-elementor-lightbox-title=\"IMG_5231\" data-e-action-hash=\"#elementor-action%3Aaction%3Dlightbox%26settings%3DeyJpZCI6MTE1MjUsInVybCI6Imh0dHBzOlwvXC93d3cucGFycmFjb2NpbmFzLmNvbVwvd3AtY29udGVudFwvdXBsb2Fkc1wvMjAyNVwvMTJcL0lNR181MjMxLXNjYWxlZC5qcGVnIiwic2xpZGVzaG93IjoiOThjZTVhNSJ9\"><br \/>\n\t\t\t\t\t\t\t\t\t\t\t\t\t\t<\/a><br \/>\n\t\t\t\t\t\t\t<a href=\"https:\/\/www.parracocinas.com\/wp-content\/uploads\/2025\/12\/IMG_5233-scaled.jpeg\" data-elementor-open-lightbox=\"yes\" data-elementor-lightbox-slideshow=\"98ce5a5\" data-elementor-lightbox-title=\"IMG_5233\" data-e-action-hash=\"#elementor-action%3Aaction%3Dlightbox%26settings%3DeyJpZCI6MTE1MjYsInVybCI6Imh0dHBzOlwvXC93d3cucGFycmFjb2NpbmFzLmNvbVwvd3AtY29udGVudFwvdXBsb2Fkc1wvMjAyNVwvMTJcL0lNR181MjMzLXNjYWxlZC5qcGVnIiwic2xpZGVzaG93IjoiOThjZTVhNSJ9\"><br \/>\n\t\t\t\t\t\t\t\t\t\t\t\t\t\t<\/a><br \/>\n\t\t\t\t\t\t\t<a href=\"https:\/\/www.parracocinas.com\/wp-content\/uploads\/2025\/12\/IMG_5236-scaled-e1768302471466.jpeg\" data-elementor-open-lightbox=\"yes\" data-elementor-lightbox-slideshow=\"98ce5a5\" data-elementor-lightbox-title=\"IMG_5236\" data-e-action-hash=\"#elementor-action%3Aaction%3Dlightbox%26settings%3DeyJpZCI6MTE1MjcsInVybCI6Imh0dHBzOlwvXC93d3cucGFycmFjb2NpbmFzLmNvbVwvd3AtY29udGVudFwvdXBsb2Fkc1wvMjAyNVwvMTJcL0lNR181MjM2LXNjYWxlZC1lMTc2ODMwMjQ3MTQ2Ni5qcGVnIiwic2xpZGVzaG93IjoiOThjZTVhNSJ9\"><br \/>\n\t\t\t\t\t\t\t\t\t\t\t\t\t\t<\/a><\/p>\n<p>En esta cocina se juega con los <strong>tonos de la naturaleza como el verde y la madera combinado con un ligero toque blanco<\/strong>. Hacen de la cocina un estilo r\u00fastico pero elegante. En cuanto a su composici\u00f3n, est\u00e1 marcada por una isla central que sirve tanto de zona de cocinar como de lugar de almacenamiento y espacio de encimera.\u00a0<\/p>\n<p>\t\t\t\t\t\t\t<a href=\"https:\/\/www.parracocinas.com\/wp-content\/uploads\/2026\/04\/PINAR-DE-ANTEQUERA-6-scaled.jpg\" data-elementor-open-lightbox=\"yes\" data-elementor-lightbox-slideshow=\"5c97c6d\" data-elementor-lightbox-title=\"COCINAS DELTA\" data-e-action-hash=\"#elementor-action%3Aaction%3Dlightbox%26settings%3DeyJpZCI6MTE4NjYsInVybCI6Imh0dHBzOlwvXC93d3cucGFycmFjb2NpbmFzLmNvbVwvd3AtY29udGVudFwvdXBsb2Fkc1wvMjAyNlwvMDRcL1BJTkFSLURFLUFOVEVRVUVSQS02LXNjYWxlZC5qcGciLCJzbGlkZXNob3ciOiI1Yzk3YzZkIn0%3D\"><br \/>\n\t\t\t\t\t\t\t\t\t\t\t\t\t\t<\/a><br \/>\n\t\t\t\t\t\t\t<a href=\"https:\/\/www.parracocinas.com\/wp-content\/uploads\/2026\/04\/PINAR-DE-ANTEQUERA-11-scaled.jpg\" data-elementor-open-lightbox=\"yes\" data-elementor-lightbox-slideshow=\"5c97c6d\" data-elementor-lightbox-title=\"COCINAS DELTA\" data-e-action-hash=\"#elementor-action%3Aaction%3Dlightbox%26settings%3DeyJpZCI6MTE4NjcsInVybCI6Imh0dHBzOlwvXC93d3cucGFycmFjb2NpbmFzLmNvbVwvd3AtY29udGVudFwvdXBsb2Fkc1wvMjAyNlwvMDRcL1BJTkFSLURFLUFOVEVRVUVSQS0xMS1zY2FsZWQuanBnIiwic2xpZGVzaG93IjoiNWM5N2M2ZCJ9\"><br \/>\n\t\t\t\t\t\t\t\t\t\t\t\t\t\t<\/a><br \/>\n\t\t\t\t\t\t\t<a href=\"https:\/\/www.parracocinas.com\/wp-content\/uploads\/2026\/04\/PINAR-DE-ANTEQUERA-22-scaled.jpg\" data-elementor-open-lightbox=\"yes\" data-elementor-lightbox-slideshow=\"5c97c6d\" data-elementor-lightbox-title=\"COCINAS DELTA\" data-e-action-hash=\"#elementor-action%3Aaction%3Dlightbox%26settings%3DeyJpZCI6MTE4NjgsInVybCI6Imh0dHBzOlwvXC93d3cucGFycmFjb2NpbmFzLmNvbVwvd3AtY29udGVudFwvdXBsb2Fkc1wvMjAyNlwvMDRcL1BJTkFSLURFLUFOVEVRVUVSQS0yMi1zY2FsZWQuanBnIiwic2xpZGVzaG93IjoiNWM5N2M2ZCJ9\"><br \/>\n\t\t\t\t\t\t\t\t\t\t\t\t\t\t<\/a><br \/>\n\t\thttps:\/\/www.youtube.com\/shorts\/8hY38zIdGYchttps:\/\/www.youtube.com\/shorts\/E4gNg9akGBwhttps:\/\/www.youtube.com\/shorts\/lQ0vr1jlF_M<\/p>\n","protected":false},"excerpt":{"rendered":"<p>Galer\u00eda Nuestros trabajos La mezcla de frentes claros con la madera de veta marcada genera un contraste elegante, mientras que las vitrinas con perfiler\u00eda oscura aportan un toque sofisticado y convierten el almacenaje en un elemento decorativo. La iluminaci\u00f3n LED integrada, tanto bajo los muebles altos como en el interior de las vitrinas, realza los [&hellip;]<\/p>\n","protected":false},"author":2,"featured_media":0,"parent":0,"menu_order":1,"comment_status":"closed","ping_status":"closed","template":"elementor_header_footer","meta":{"footnotes":""},"class_list":["post-7490","page","type-page","status-publish","hentry"],"_links":{"self":[{"href":"https:\/\/www.parracocinas.com\/index.php?rest_route=\/wp\/v2\/pages\/7490","targetHints":{"allow":["GET"]}}],"collection":[{"href":"https:\/\/www.parracocinas.com\/index.php?rest_route=\/wp\/v2\/pages"}],"about":[{"href":"https:\/\/www.parracocinas.com\/index.php?rest_route=\/wp\/v2\/types\/page"}],"author":[{"embeddable":true,"href":"https:\/\/www.parracocinas.com\/index.php?rest_route=\/wp\/v2\/users\/2"}],"replies":[{"embeddable":true,"href":"https:\/\/www.parracocinas.com\/index.php?rest_route=%2Fwp%2Fv2%2Fcomments&post=7490"}],"version-history":[{"count":214,"href":"https:\/\/www.parracocinas.com\/index.php?rest_route=\/wp\/v2\/pages\/7490\/revisions"}],"predecessor-version":[{"id":11889,"href":"https:\/\/www.parracocinas.com\/index.php?rest_route=\/wp\/v2\/pages\/7490\/revisions\/11889"}],"wp:attachment":[{"href":"https:\/\/www.parracocinas.com\/index.php?rest_route=%2Fwp%2Fv2%2Fmedia&parent=7490"}],"curies":[{"name":"wp","href":"https:\/\/api.w.org\/{rel}","templated":true}]}}