{"id":7561,"date":"2024-04-23T16:36:58","date_gmt":"2024-04-23T16:36:58","guid":{"rendered":"https:\/\/www.parracocinas.com\/?page_id=7561"},"modified":"2025-10-03T05:28:06","modified_gmt":"2025-10-03T05:28:06","slug":"contacto","status":"publish","type":"page","link":"https:\/\/www.parracocinas.com\/?page_id=7561","title":{"rendered":"Contacto"},"content":{"rendered":"<h2>Contacto<\/h2>\n<p>Pide tu cita previa a trav\u00e9s de nuestro e-mail o ll\u00e1manos por tel\u00e9fono.<\/p>\n<p>Ven a vernos y te daremos un asesoramiento 100% personalizado, en el que dise\u00f1amos tu nueva cocina o ba\u00f1o en 3D, y donde podr\u00e1s elegir entre cientos de acabados y materiales. Adem\u00e1s paga en c\u00f3modos plazos con nuestra opciones de financiaci\u00f3n.\u00a0<\/p>\n<p>\t\t\t\t\t<iframe src=\"https:\/\/www.google.com\/maps\/embed?pb=!1m18!1m12!1m3!1d2982.522757105153!2d-4.7415175!3d41.6228307!2m3!1f0!2f0!3f0!3m2!1i1024!2i768!4f13.1!3m3!1m2!1s0xd476cd8902699a3%3A0x4bda58d9f4a4b2a4!2sCarr.%20de%20Rueda%2C%2047%2C%2047008%20Valladolid%2C%20Espa%C3%B1a!5e0!3m2!1ses-419!2spe!4v1713891717261!5m2!1ses-419!2spe\" width=\"100%\" height=\"450\" style=\"border:0;\" allowfullscreen=\"\" loading=\"lazy\" referrerpolicy=\"no-referrer-when-downgrade\"><\/iframe><\/p>\n","protected":false},"excerpt":{"rendered":"<p>Contacto Pide tu cita previa a trav\u00e9s de nuestro e-mail o ll\u00e1manos por tel\u00e9fono. Ven a vernos y te daremos un asesoramiento 100% personalizado, en el que dise\u00f1amos tu nueva cocina o ba\u00f1o en 3D, y donde podr\u00e1s elegir entre cientos de acabados y materiales. Adem\u00e1s paga en c\u00f3modos plazos con nuestra opciones de financiaci\u00f3n.\u00a0<\/p>\n","protected":false},"author":2,"featured_media":0,"parent":0,"menu_order":1,"comment_status":"closed","ping_status":"closed","template":"elementor_header_footer","meta":{"footnotes":""},"class_list":["post-7561","page","type-page","status-publish","hentry"],"_links":{"self":[{"href":"https:\/\/www.parracocinas.com\/index.php?rest_route=\/wp\/v2\/pages\/7561","targetHints":{"allow":["GET"]}}],"collection":[{"href":"https:\/\/www.parracocinas.com\/index.php?rest_route=\/wp\/v2\/pages"}],"about":[{"href":"https:\/\/www.parracocinas.com\/index.php?rest_route=\/wp\/v2\/types\/page"}],"author":[{"embeddable":true,"href":"https:\/\/www.parracocinas.com\/index.php?rest_route=\/wp\/v2\/users\/2"}],"replies":[{"embeddable":true,"href":"https:\/\/www.parracocinas.com\/index.php?rest_route=%2Fwp%2Fv2%2Fcomments&post=7561"}],"version-history":[{"count":79,"href":"https:\/\/www.parracocinas.com\/index.php?rest_route=\/wp\/v2\/pages\/7561\/revisions"}],"predecessor-version":[{"id":11442,"href":"https:\/\/www.parracocinas.com\/index.php?rest_route=\/wp\/v2\/pages\/7561\/revisions\/11442"}],"wp:attachment":[{"href":"https:\/\/www.parracocinas.com\/index.php?rest_route=%2Fwp%2Fv2%2Fmedia&parent=7561"}],"curies":[{"name":"wp","href":"https:\/\/api.w.org\/{rel}","templated":true}]}}