{"id":7596,"date":"2024-04-23T17:14:59","date_gmt":"2024-04-23T17:14:59","guid":{"rendered":"https:\/\/www.parracocinas.com\/?page_id=7596"},"modified":"2025-09-23T16:05:43","modified_gmt":"2025-09-23T16:05:43","slug":"servicios","status":"publish","type":"page","link":"https:\/\/www.parracocinas.com\/?page_id=7596","title":{"rendered":"Servicios"},"content":{"rendered":"<h1>Servicios<\/h1>\n<p>Si buscas reformar tu cocina en Valladolid, tu ba\u00f1o o realizar cualquier otro tipo de reforma en tu hogar, as\u00ed como cambiar tus armarios o buscas muebles auxiliares para alguna de tus estancias, est\u00e1s en el sitio adecuado. En <strong>Parra y Luengo Cocinas<\/strong>&nbsp;ofrecemos varios servicios de reformas y dise\u00f1o de espacios. Estamos especializados en cocinas, pero tambi\u00e9n realizamos ba\u00f1os, reformas integrales, armarios o mobiliario.&nbsp;<\/p>\n<p>Aqu\u00ed puedes conocer los servicios que ofrecemos en Valladolid. Si te interesa alguno solo tienes que concertar una cita con nosotros y vemos qu\u00e9 podemos hacer.&nbsp;<\/p>\n<p>\t\t\t\t\t<a role=\"button\"><br \/>\n\t\t\t\t\t\t\t\t\tCocinas<br \/>\n\t\t\t\t\t<\/a><br \/>\n\t\t\t\t\t<a role=\"button\"><br \/>\n\t\t\t\t\t\t\t\t\tBa\u00f1os<br \/>\n\t\t\t\t\t<\/a><br \/>\n\t\t\t\t\t<a role=\"button\"><br \/>\n\t\t\t\t\t\t\t\t\tReformas<br \/>\n\t\t\t\t\t<\/a><br \/>\n\t\t\t\t\t<a role=\"button\"><br \/>\n\t\t\t\t\t\t\t\t\tAuxiliares<br \/>\n\t\t\t\t\t<\/a><br \/>\n\t\t\t\t\t<a role=\"button\"><br \/>\n\t\t\t\t\t\t\t\t\tArmarios<br \/>\n\t\t\t\t\t<\/a><br \/>\n\t\t\t\t\t<a role=\"button\"><br \/>\n\t\t\t\t\t\t\t\t\tMobiliario<br \/>\n\t\t\t\t\t<\/a><\/p>\n<h2>CONTACTO<\/h2>\n<p role=\"status\" aria-live=\"polite\" aria-atomic=\"true\">\n<ul><\/ul>\n<form action=\"\/wp-admin\/admin-ajax.php#wpcf7-f67-o1\" method=\"post\" aria-label=\"Formulario de contacto\" novalidate=\"novalidate\" data-status=\"init\">\n<fieldset><input type=\"hidden\" name=\"_wpcf7\" value=\"67\" \/><input type=\"hidden\" name=\"_wpcf7_version\" value=\"6.1.1\" \/><input type=\"hidden\" name=\"_wpcf7_locale\" value=\"es_ES\" \/><input type=\"hidden\" name=\"_wpcf7_unit_tag\" value=\"wpcf7-f67-o1\" \/><input type=\"hidden\" name=\"_wpcf7_container_post\" value=\"0\" \/><input type=\"hidden\" name=\"_wpcf7_posted_data_hash\" value=\"\" \/><input type=\"hidden\" name=\"_wpcf7_recaptcha_response\" value=\"\" \/><br \/>\n<\/fieldset>\n<p><label> Tu nombre (requerido)<br \/>\n<input size=\"40\" maxlength=\"400\" aria-required=\"true\" aria-invalid=\"false\" value=\"\" type=\"text\" name=\"your-name\" \/> <\/label>\n<\/p>\n<p><label> Tu correo electr\u00f3nico (requerido)<br \/>\n<input size=\"40\" maxlength=\"400\" aria-required=\"true\" aria-invalid=\"false\" value=\"\" type=\"email\" name=\"your-email\" \/> <\/label>\n<\/p>\n<p><label> Asunto<br \/>\n<input size=\"40\" maxlength=\"400\" aria-invalid=\"false\" value=\"\" type=\"text\" name=\"your-subject\" \/> <\/label>\n<\/p>\n<p><label> Tu mensaje<br \/>\n<textarea cols=\"40\" rows=\"10\" maxlength=\"2000\" aria-invalid=\"false\" name=\"your-message\"><\/textarea> <\/label>\n<\/p>\n<p><input type=\"submit\" value=\"Enviar\" \/>\n<\/p>\n<\/form>\n","protected":false},"excerpt":{"rendered":"<p>Servicios Si buscas reformar tu cocina en Valladolid, tu ba\u00f1o o realizar cualquier otro tipo de reforma en tu hogar, as\u00ed como cambiar tus armarios o buscas muebles auxiliares para alguna de tus estancias, est\u00e1s en el sitio adecuado. En Parra y Luengo Cocinas&nbsp;ofrecemos varios servicios de reformas y dise\u00f1o de espacios. Estamos especializados en [&hellip;]<\/p>\n","protected":false},"author":2,"featured_media":0,"parent":0,"menu_order":1,"comment_status":"closed","ping_status":"closed","template":"elementor_header_footer","meta":{"footnotes":""},"class_list":["post-7596","page","type-page","status-publish","hentry"],"_links":{"self":[{"href":"https:\/\/www.parracocinas.com\/index.php?rest_route=\/wp\/v2\/pages\/7596","targetHints":{"allow":["GET"]}}],"collection":[{"href":"https:\/\/www.parracocinas.com\/index.php?rest_route=\/wp\/v2\/pages"}],"about":[{"href":"https:\/\/www.parracocinas.com\/index.php?rest_route=\/wp\/v2\/types\/page"}],"author":[{"embeddable":true,"href":"https:\/\/www.parracocinas.com\/index.php?rest_route=\/wp\/v2\/users\/2"}],"replies":[{"embeddable":true,"href":"https:\/\/www.parracocinas.com\/index.php?rest_route=%2Fwp%2Fv2%2Fcomments&post=7596"}],"version-history":[{"count":71,"href":"https:\/\/www.parracocinas.com\/index.php?rest_route=\/wp\/v2\/pages\/7596\/revisions"}],"predecessor-version":[{"id":11419,"href":"https:\/\/www.parracocinas.com\/index.php?rest_route=\/wp\/v2\/pages\/7596\/revisions\/11419"}],"wp:attachment":[{"href":"https:\/\/www.parracocinas.com\/index.php?rest_route=%2Fwp%2Fv2%2Fmedia&parent=7596"}],"curies":[{"name":"wp","href":"https:\/\/api.w.org\/{rel}","templated":true}]}}