{"id":8204,"date":"2024-07-15T11:57:15","date_gmt":"2024-07-15T11:57:15","guid":{"rendered":"https:\/\/www.parracocinas.com\/?page_id=8204"},"modified":"2025-12-05T11:56:42","modified_gmt":"2025-12-05T11:56:42","slug":"catalogos","status":"publish","type":"page","link":"https:\/\/www.parracocinas.com\/?page_id=8204","title":{"rendered":"Cat\u00e1logos"},"content":{"rendered":"<h1>Cat\u00e1logos<\/h1>\n<p>Conoce las empresas con las que trabajamos. Aqu\u00ed puedes explorar los Cat\u00e1logos de los proveedores de Parra y Luengo Cocinas, encontrar\u00e1s las \u00faltimas novedades en el mercado y podr\u00e1s buscar inspiraci\u00f3n para tu pr\u00f3xima reforma.&nbsp;<\/p>\n<p>Descubre las \u00faltimas tendencias y soluciones innovadoras para transformar tus espacios en entornos funcionales y est\u00e9ticamente impresionantes.<\/p>\n<h2>Cocinas<\/h2>\n<p>\t\t\t\t\t\t\t\t\t\t\t\t\t\t\t\t<a href=\"https:\/\/www.parracocinas.com\/wp-content\/uploads\/2024\/07\/CATALOGO-DELTA-COCINAS-compressed.pdf\" target=\"_blank\"><br \/>\n\t\t\t\t\t\t\t<img loading=\"lazy\" width=\"400\" height=\"100\" src=\"https:\/\/www.parracocinas.com\/wp-content\/uploads\/2024\/07\/Logo-Delta-Cocinas.png\" alt=\"Logo Delta Cocinas\" decoding=\"async\" srcset=\"https:\/\/www.parracocinas.com\/wp-content\/uploads\/2024\/07\/Logo-Delta-Cocinas.png 400w, https:\/\/www.parracocinas.com\/wp-content\/uploads\/2024\/07\/Logo-Delta-Cocinas-300x75.png 300w\" sizes=\"auto, (max-width: 400px) 100vw, 400px\" \/>\t\t\t\t\t\t\t\t<\/a><br \/>\n\t\t\t\t\t\t\t\t\t\t\t\t\t\t\t\t<a href=\"https:\/\/www.parracocinas.com\/wp-content\/uploads\/2024\/07\/CATALOGO-AROCA-2024_compressed.pdf\" target=\"_blank\"><br \/>\n\t\t\t\t\t\t\t<img loading=\"lazy\" width=\"400\" height=\"100\" src=\"https:\/\/www.parracocinas.com\/wp-content\/uploads\/2024\/07\/Logo-Aroca-Cocians.png\" alt=\"Logo Aroca Cocinas\" decoding=\"async\" srcset=\"https:\/\/www.parracocinas.com\/wp-content\/uploads\/2024\/07\/Logo-Aroca-Cocians.png 400w, https:\/\/www.parracocinas.com\/wp-content\/uploads\/2024\/07\/Logo-Aroca-Cocians-300x75.png 300w\" sizes=\"auto, (max-width: 400px) 100vw, 400px\" \/>\t\t\t\t\t\t\t\t<\/a><br \/>\n\t\t\t\t\t\t\t\t\t\t\t\t\t\t\t\t<a href=\"https:\/\/pando.es\/\" target=\"_blank\"><br \/>\n\t\t\t\t\t\t\t<img decoding=\"async\" src=\"https:\/\/www.parracocinas.com\/wp-content\/uploads\/elementor\/thumbs\/Pando-rfpif21ww084xyot8zrlyclerog95nfaghhuxh0was.jpeg\" title=\"Pando\" alt=\"Pando\" loading=\"lazy\" \/>\t\t\t\t\t\t\t\t<\/a><\/p>\n","protected":false},"excerpt":{"rendered":"<p>Cat\u00e1logos Conoce las empresas con las que trabajamos. Aqu\u00ed puedes explorar los Cat\u00e1logos de los proveedores de Parra y Luengo Cocinas, encontrar\u00e1s las \u00faltimas novedades en el mercado y podr\u00e1s buscar inspiraci\u00f3n para tu pr\u00f3xima reforma.&nbsp; Descubre las \u00faltimas tendencias y soluciones innovadoras para transformar tus espacios en entornos funcionales y est\u00e9ticamente impresionantes. Cocinas<\/p>\n","protected":false},"author":2,"featured_media":0,"parent":0,"menu_order":1,"comment_status":"closed","ping_status":"closed","template":"elementor_header_footer","meta":{"footnotes":""},"class_list":["post-8204","page","type-page","status-publish","hentry"],"_links":{"self":[{"href":"https:\/\/www.parracocinas.com\/index.php?rest_route=\/wp\/v2\/pages\/8204","targetHints":{"allow":["GET"]}}],"collection":[{"href":"https:\/\/www.parracocinas.com\/index.php?rest_route=\/wp\/v2\/pages"}],"about":[{"href":"https:\/\/www.parracocinas.com\/index.php?rest_route=\/wp\/v2\/types\/page"}],"author":[{"embeddable":true,"href":"https:\/\/www.parracocinas.com\/index.php?rest_route=\/wp\/v2\/users\/2"}],"replies":[{"embeddable":true,"href":"https:\/\/www.parracocinas.com\/index.php?rest_route=%2Fwp%2Fv2%2Fcomments&post=8204"}],"version-history":[{"count":35,"href":"https:\/\/www.parracocinas.com\/index.php?rest_route=\/wp\/v2\/pages\/8204\/revisions"}],"predecessor-version":[{"id":11540,"href":"https:\/\/www.parracocinas.com\/index.php?rest_route=\/wp\/v2\/pages\/8204\/revisions\/11540"}],"wp:attachment":[{"href":"https:\/\/www.parracocinas.com\/index.php?rest_route=%2Fwp%2Fv2%2Fmedia&parent=8204"}],"curies":[{"name":"wp","href":"https:\/\/api.w.org\/{rel}","templated":true}]}}